{"id":359,"date":"2014-08-25T23:41:08","date_gmt":"2014-08-25T21:41:08","guid":{"rendered":"http:\/\/ttantibes.com\/v4\/?page_id=359"},"modified":"2025-08-12T18:27:55","modified_gmt":"2025-08-12T16:27:55","slug":"dons-reduction-fiscale","status":"publish","type":"page","link":"https:\/\/ttantibes.com\/v4\/club\/dons-reduction-fiscale\/","title":{"rendered":"Dons \/ R\u00e9duction fiscale"},"content":{"rendered":"<div class=\"col span_8 has-animation\" data-animation=\"fade-in-from-left\" data-delay=\"1000\">\n<p class=\"p1\">Pour aider le club et participer \u00e0 l&rsquo;am\u00e9lioration de ses infrastructures, des particuliers ou des entreprises peuvent faire des <b>dons dans le cadre du m\u00e9c\u00e9nat.<\/b><b><\/b><\/p>\n<p class=\"p1\">Cette facult\u00e9 s&rsquo;offre aussi aux licenci\u00e9s dans le cadre de leur cotisation annuelle.<\/p>\n<p class=\"p1\">En effet, depuis 2012 notre association est agr\u00e9e aupr\u00e8s de l&rsquo;administration fiscale,afin de d\u00e9livrer des justificatifs CERFA pour <b>b\u00e9n\u00e9ficier d&rsquo;une r\u00e9duction d&rsquo;imp\u00f4t <\/b>(somme \u00e0 d\u00e9duire du montant \u00e0 payer de l&rsquo;imp\u00f4t):<\/p>\n[pricing_table columns=\u00a0\u00bb2&Prime;]\n[pricing_column title=\u00a0\u00bbParticuliers\u00a0\u00bb highlight=\u00a0\u00bbtrue\u00a0\u00bb highlight_reason=\u00a0\u00bb\u00a0\u00bb price=\u00a0\u00bb 66%\u00a0\u00bb currency_symbol=\u00a0\u00bb\u00a0\u00bb interval=\u00a0\u00bbr\u00e9duction d&rsquo;imp\u00f4t applicable au montant de votre don\u00a0\u00bb]\n<ul class=\"features\">\n<li>Plafond :\u00a020% du revenu imposable<\/li>\n<li>Montant minimum : 3 fois la cotisation de base<\/li>\n<\/ul>\n<a class=\"nectar-button n-sc-button medium extra-color-1 regular-button\"  href=\"#\" data-color-override=\"false\" data-hover-color-override=\"false\" data-hover-text-color-override=\"#fff\"><span>Je fais un don !<\/span><\/a>\n[\/pricing_column]\n[pricing_column title=\u00a0\u00bbEntreprises\u00a0\u00bb \u00a0color=\u00a0\u00bbextra-color-1&Prime; price=\u00a0\u00bb 60%\u00a0\u00bb currency_symbol=\u00a0\u00bb\u00a0\u00bb interval=\u00a0\u00bbr\u00e9duction d&rsquo;imp\u00f4t applicable au montant de votre don\u00a0\u00bb ]\n<ul class=\"features\">\n<li>Plafond : 0,5% du Chiffre d&rsquo;Affaire HT<\/li>\n<li>Montant minimum :\u00a04 fois la cotisation de base<\/li>\n<\/ul>\n<a class=\"nectar-button n-sc-button medium extra-color-1 regular-button\"  href=\"#\" data-color-override=\"false\" data-hover-color-override=\"false\" data-hover-text-color-override=\"#fff\"><span>Je fais un don !<\/span><\/a>\n[\/pricing_column]\n[\/pricing_table]\n<p class=\"p1\">Pour plus de renseignements, contactez :<br \/>\n<b>Bernard Grosso<\/b> (06.03.58.80.64)<\/p>\n<\/div>\n<div class=\"col span_4 col_last boxed centered-text has-animation\" data-animation=\"grow-in\" data-delay=\"1000\"><span class=\"bottom-line\"><\/span>\n[heading subtitle=\u00a0\u00bbEXEMPLE\u00a0\u00bb] [\/heading]\n<div class=\"col span_3\" data-animation=\"\" data-delay=\"0\">\n<i class=\"icon-normal icon-ok accent-color\"><\/i>\n<\/div>\n<div class=\"col span_9 col_last\" data-animation=\"\" data-delay=\"0\">\n<p class=\"p1\"><b>JE FAIS UN DON<\/b><b><\/b><\/p>\n<p class=\"p1\">Un adulte, dont la cotisation annuelle s&rsquo;\u00e9l\u00e8ve \u00e0 270\u20ac, verse au club la somme totale de 810\u20ac.<br \/>\nLa declaration de ce don aux d&rsquo;imp\u00f4ts permet de b\u00e9n\u00e9ficier d&rsquo;une r\u00e9duction d&rsquo;imp\u00f4t sur le revenu de 66% des 810\u20ac vers\u00e9s (soit 535\u20ac).<\/p>\n<\/div><div class=\"clear\"><\/div>\n<\/div><div class=\"clear\"><\/div>\n","protected":false},"excerpt":{"rendered":"Pour aider le club et participer \u00e0 l'am\u00e9lioration de ses infrastructures, des particuliers ou des entreprises peuvent faire des dons dans le cadre du m\u00e9c\u00e9nat. Cette facult\u00e9 s'offre aussi aux...","protected":false},"author":1,"featured_media":0,"parent":55,"menu_order":0,"comment_status":"closed","ping_status":"open","template":"","meta":{"footnotes":""},"class_list":["post-359","page","type-page","status-publish"],"jetpack_sharing_enabled":true,"_links":{"self":[{"href":"https:\/\/ttantibes.com\/v4\/wp-json\/wp\/v2\/pages\/359","targetHints":{"allow":["GET"]}}],"collection":[{"href":"https:\/\/ttantibes.com\/v4\/wp-json\/wp\/v2\/pages"}],"about":[{"href":"https:\/\/ttantibes.com\/v4\/wp-json\/wp\/v2\/types\/page"}],"author":[{"embeddable":true,"href":"https:\/\/ttantibes.com\/v4\/wp-json\/wp\/v2\/users\/1"}],"replies":[{"embeddable":true,"href":"https:\/\/ttantibes.com\/v4\/wp-json\/wp\/v2\/comments?post=359"}],"version-history":[{"count":74,"href":"https:\/\/ttantibes.com\/v4\/wp-json\/wp\/v2\/pages\/359\/revisions"}],"predecessor-version":[{"id":6932,"href":"https:\/\/ttantibes.com\/v4\/wp-json\/wp\/v2\/pages\/359\/revisions\/6932"}],"up":[{"embeddable":true,"href":"https:\/\/ttantibes.com\/v4\/wp-json\/wp\/v2\/pages\/55"}],"wp:attachment":[{"href":"https:\/\/ttantibes.com\/v4\/wp-json\/wp\/v2\/media?parent=359"}],"curies":[{"name":"wp","href":"https:\/\/api.w.org\/{rel}","templated":true}]}}