{"id":15,"date":"2014-08-22T17:55:57","date_gmt":"2014-08-22T15:55:57","guid":{"rendered":"http:\/\/ttantibes.com\/v4\/?page_id=15"},"modified":"2018-01-04T11:26:36","modified_gmt":"2018-01-04T10:26:36","slug":"presentation","status":"publish","type":"page","link":"http:\/\/ttantibes.com\/v4\/club\/presentation\/","title":{"rendered":"Pr\u00e9sentation"},"content":{"rendered":"<p>HISTORIQUE<\/p>\n<p><img fetchpriority=\"high\" decoding=\"async\" width=\"550\" height=\"251\" class=\" wp-image-2949 alignright\" src=\"http:\/\/ttantibes.com\/v4\/wp-content\/uploads\/2014\/08\/equipe_mai76.jpg\" alt=\"equipe_mai76\" srcset=\"http:\/\/ttantibes.com\/v4\/wp-content\/uploads\/2014\/08\/equipe_mai76.jpg 550w, http:\/\/ttantibes.com\/v4\/wp-content\/uploads\/2014\/08\/equipe_mai76-300x137.jpg 300w, http:\/\/ttantibes.com\/v4\/wp-content\/uploads\/2014\/08\/equipe_mai76-160x73.jpg 160w, http:\/\/ttantibes.com\/v4\/wp-content\/uploads\/2014\/08\/equipe_mai76-320x146.jpg 320w, http:\/\/ttantibes.com\/v4\/wp-content\/uploads\/2014\/08\/equipe_mai76-480x219.jpg 480w\" sizes=\"(max-width: 550px) 100vw, 550px\" \/>L\u2019Olympique d\u2019Antibes Juan les Pins f\u00fbt fond\u00e9 en 1967 avec Daniel JEANNIN comme 1<sup>er<\/sup> pr\u00e9sident, champion du monde handisport, il f\u00fbt aussi mon premier entra\u00eeneur. Au tout d\u00e9but \u00e0 la Maison des Jeunes sur le port d\u2019Antibes, puis au gymnase de l\u2019\u00e9cole de la Tramontane \u00e0 Juan les Pins,\u00a0le club a depuis 30 ans une salle sp\u00e9cifique en centre-ville. La salle est modeste (6 tables) mais elle pr\u00e9sente l\u2019avantage d\u2019\u00eatre d\u00e9di\u00e9e au Ping \u00e0 temps complet pour accueillir toutes les sections (jeunes, loisirs, CCAS, handi, corpo) dans une totale autonomie. Le club \u00e9volue au niveau national entre la N3 et la N1 depuis 33 ans sans discontinuer en menant une politique de formation de jeunes encadr\u00e9s par des joueurs confirm\u00e9s.<\/p>\n<p>&nbsp;<\/p>\n<p><img decoding=\"async\" width=\"300\" height=\"215\" class=\"size-medium wp-image-3517 alignleft\" src=\"http:\/\/ttantibes.com\/v4\/wp-content\/uploads\/2014\/08\/equipe_flunch-300x215.jpg\" alt=\"\" srcset=\"http:\/\/ttantibes.com\/v4\/wp-content\/uploads\/2014\/08\/equipe_flunch-300x215.jpg 300w, http:\/\/ttantibes.com\/v4\/wp-content\/uploads\/2014\/08\/equipe_flunch-160x115.jpg 160w, http:\/\/ttantibes.com\/v4\/wp-content\/uploads\/2014\/08\/equipe_flunch-320x229.jpg 320w, http:\/\/ttantibes.com\/v4\/wp-content\/uploads\/2014\/08\/equipe_flunch-480x344.jpg 480w, http:\/\/ttantibes.com\/v4\/wp-content\/uploads\/2014\/08\/equipe_flunch.jpg 550w\" sizes=\"(max-width: 300px) 100vw, 300px\" \/>Le v\u00e9ritable d\u00e9collage se situe en 1985, sous l\u2019impulsion Jean-Louis PELLINGHELLI et Pascal DEL FURIA,\u00a0 joueurs de 1\u00e8re s\u00e9rie et \u00e9ducateurs de haut niveau qui nous rejoignent. Une main de fer dans un gant de velours, attach\u00e9s aux valeurs humaines, ils marquent le club de leur empreinte. On truste tous les titres jeunes pendant des ann\u00e9es en participant notamment \u00e0 l\u2019\u00e9closion \u00a0de Christophe LEGOUT que l\u2019on ne pr\u00e9sente plus.<\/p>\n<p>Depuis lors, le club fait partie des plus dynamiques de la r\u00e9gion C\u00f4te d\u2019Azur, place r\u00e9guli\u00e8rement des joueurs\u00a0 en nationale aux individuels, a gagn\u00e9 tous les titres jeunes r\u00e9gionaux en individuels et par \u00e9quipes avec une vraie politique de formation qui porte ses fruits.<\/p>\n<p>&nbsp;<\/p>\n<p>ORGANISATION D&rsquo;EVENEMENTS MAJEURS<\/p>\n<p>En sus de ce long pass\u00e9 national, le club a organis\u00e9 un grand tournoi international chaque ann\u00e9e fin ao\u00fbt, un des plus gros tournois de France. Au palmar\u00e8s on trouve bien s\u00fbr Christophe LEGOUT mais aussi Patrick CHILA, YANG\u00a0Min, Fr\u00e9d\u00e9ric SONNET, Eric DURAND, Olivier MARMUREK, St\u00e9phane LEBRUN, Thierry MILLER ou encore Christian MARTIN. A noter \u00e9galement lors de l\u2019\u00e9dition 2000 la pr\u00e9sence exceptionnelle d\u2019Andrzej GRUBBA et de Jacques SECRETIN.<\/p>\n<p>Le club a \u00e9galement organis\u00e9 en 2008 les championnats de France Seniors qui ont vu Patrick CHILA chez les hommes\u00a0remporter son dernier titre de champion de France dans une ambiance festive qui fera date. La soir\u00e9e finale avec toute la France pongiste (joueurs, dirigeants, entraineurs, arbitres, partenaires, medias) reste bien ancr\u00e9e dans les m\u00e9moires. On\u00a0a depuis \u00a0organis\u00e9 les Inter Comit\u00e9s Jeunes en 2013, en mai 2015 le Congr\u00e8s F\u00e9d\u00e9ral et surtout en <span style=\"text-decoration: underline;\">f\u00e9vrier 2017 le Top 16 Europ\u00e9en<\/span> \u00e0 l&rsquo;Azur Ar\u00e9na d&rsquo;Antibes o\u00f9 pr\u00e8s de 7000 spectateurs dans la salle et 2 millions de personnes sur les r\u00e9seaux sociaux et en direct sur l&rsquo;Equipe TV ont suivi les \u00e9preuves. Simon GAUZY \u00a0a fait vibrer le public en y remportant une brillante m\u00e9daille de bronze. Cette organisation restera un imp\u00e9rissable souvenir pour le club et tous les b\u00e9n\u00e9voles.<\/p>\n<p>Le club a des projets dans de nombreux domaines: continuer \u00e0 organiser des manifestations internationales, ouvrir un centre international d\u2019entrainement, augmenter son nombre de licenci\u00e9s, d\u00e9velopper l\u2019activit\u00e9 handisport, booster l\u2019activit\u00e9 chez les\u00a0f\u00e9minines, les loisirs, la p\u00e9n\u00e9tration en milieu scolaire, en bref ces prochaines ann\u00e9es s\u2019annoncent passionnantes et\u00a0pleine de challenges !<\/p>\n<p>Le retour au bercail de Christophe LEGOUT \u00a0cette saison pour aider son club formateur \u00e0 se d\u00e9velopper et changer de dimension est un signe fort. L&rsquo;amiti\u00e9, en ce qui le concerne, n&rsquo;est pas un vain mot. On va surement entendre parler du club ces prochaines saisons avec un objectif de haut niveau sans pour autant se couper de tout ce qui fait son ADN : plaisir, amiti\u00e9, solidarit\u00e9, formation, part de r\u00eave et ambition !<\/p>\n<p>A tr\u00e8s bient\u00f4t \u00e0 Antibes, bonne visite !<\/p>\n<p>Bernard GROSSO<br \/>\nPr\u00e9sident de l\u2019OAJLP Tennis de Table<\/p>\n","protected":false},"excerpt":{"rendered":"<p>HISTORIQUE L\u2019Olympique d\u2019Antibes Juan les Pins f\u00fbt fond\u00e9 en 1967 avec Daniel JEANNIN comme 1er pr\u00e9sident, champion du monde handisport, il f\u00fbt aussi mon premier entra\u00eeneur. Au tout d\u00e9but \u00e0&#8230;<\/p>\n","protected":false},"author":1,"featured_media":0,"parent":55,"menu_order":0,"comment_status":"closed","ping_status":"open","template":"","meta":{"footnotes":""},"class_list":["post-15","page","type-page","status-publish"],"jetpack_sharing_enabled":true,"_links":{"self":[{"href":"http:\/\/ttantibes.com\/v4\/wp-json\/wp\/v2\/pages\/15","targetHints":{"allow":["GET"]}}],"collection":[{"href":"http:\/\/ttantibes.com\/v4\/wp-json\/wp\/v2\/pages"}],"about":[{"href":"http:\/\/ttantibes.com\/v4\/wp-json\/wp\/v2\/types\/page"}],"author":[{"embeddable":true,"href":"http:\/\/ttantibes.com\/v4\/wp-json\/wp\/v2\/users\/1"}],"replies":[{"embeddable":true,"href":"http:\/\/ttantibes.com\/v4\/wp-json\/wp\/v2\/comments?post=15"}],"version-history":[{"count":49,"href":"http:\/\/ttantibes.com\/v4\/wp-json\/wp\/v2\/pages\/15\/revisions"}],"predecessor-version":[{"id":3569,"href":"http:\/\/ttantibes.com\/v4\/wp-json\/wp\/v2\/pages\/15\/revisions\/3569"}],"up":[{"embeddable":true,"href":"http:\/\/ttantibes.com\/v4\/wp-json\/wp\/v2\/pages\/55"}],"wp:attachment":[{"href":"http:\/\/ttantibes.com\/v4\/wp-json\/wp\/v2\/media?parent=15"}],"curies":[{"name":"wp","href":"https:\/\/api.w.org\/{rel}","templated":true}]}}