{"id":113,"date":"2014-08-21T01:49:38","date_gmt":"2014-08-20T16:47:35","guid":{"rendered":"http:\/\/ttantibes.com\/v4\/?page_id=113"},"modified":"2025-09-24T14:54:14","modified_gmt":"2025-09-24T12:54:14","slug":"inscription","status":"publish","type":"page","link":"http:\/\/ttantibes.com\/v4\/club\/inscription\/","title":{"rendered":"Inscription"},"content":{"rendered":"[vc_row type=\u00a0\u00bbin_container\u00a0\u00bb full_screen_row_position=\u00a0\u00bbmiddle\u00a0\u00bb column_margin=\u00a0\u00bbdefault\u00a0\u00bb column_direction=\u00a0\u00bbdefault\u00a0\u00bb column_direction_tablet=\u00a0\u00bbdefault\u00a0\u00bb column_direction_phone=\u00a0\u00bbdefault\u00a0\u00bb scene_position=\u00a0\u00bbcenter\u00a0\u00bb text_color=\u00a0\u00bbdark\u00a0\u00bb text_align=\u00a0\u00bbleft\u00a0\u00bb row_border_radius=\u00a0\u00bbnone\u00a0\u00bb row_border_radius_applies=\u00a0\u00bbbg\u00a0\u00bb overflow=\u00a0\u00bbvisible\u00a0\u00bb overlay_strength=\u00a0\u00bb0.3&Prime; gradient_direction=\u00a0\u00bbleft_to_right\u00a0\u00bb shape_divider_position=\u00a0\u00bbbottom\u00a0\u00bb bg_image_animation=\u00a0\u00bbnone\u00a0\u00bb][vc_column column_padding=\u00a0\u00bbno-extra-padding\u00a0\u00bb column_padding_tablet=\u00a0\u00bbinherit\u00a0\u00bb column_padding_phone=\u00a0\u00bbinherit\u00a0\u00bb column_padding_position=\u00a0\u00bball\u00a0\u00bb column_element_spacing=\u00a0\u00bbdefault\u00a0\u00bb background_color_opacity=\u00a0\u00bb1&Prime; background_hover_color_opacity=\u00a0\u00bb1&Prime; column_shadow=\u00a0\u00bbnone\u00a0\u00bb column_border_radius=\u00a0\u00bbnone\u00a0\u00bb column_link_target=\u00a0\u00bb_self\u00a0\u00bb column_position=\u00a0\u00bbdefault\u00a0\u00bb gradient_direction=\u00a0\u00bbleft_to_right\u00a0\u00bb overlay_strength=\u00a0\u00bb0.3&Prime; width=\u00a0\u00bb1\/2&Prime; tablet_width_inherit=\u00a0\u00bbdefault\u00a0\u00bb tablet_text_alignment=\u00a0\u00bbdefault\u00a0\u00bb phone_text_alignment=\u00a0\u00bbdefault\u00a0\u00bb animation_type=\u00a0\u00bbdefault\u00a0\u00bb bg_image_animation=\u00a0\u00bbnone\u00a0\u00bb border_type=\u00a0\u00bbsimple\u00a0\u00bb column_border_width=\u00a0\u00bbnone\u00a0\u00bb column_border_style=\u00a0\u00bbsolid\u00a0\u00bb][vc_column_text]\n<h4>Comment s&rsquo;inscrire \u00e0 l&rsquo;OAJLP ?<\/h4>\n<p>S\u00e9lectionnez votre cat\u00e9gorie et votre mode de r\u00e9glement (x1 ou x3 par CB). Si vous le souhaitez, vous pouvez opter pour la participation au Crit\u00e9rium F\u00e9d\u00e9ral.<\/p>\n<p><span style=\"background: #ffffff;\">Pour utiliser un <strong>Pass&rsquo;Sport de 70\u20ac<\/strong>, indiquez le code promo <strong>PASSSPORT<\/strong> (1 personne) ou <strong>2PASSSPORT<\/strong> (2 personnes) pour obtenir la r\u00e9duction correspondante et renseignez son\/leurs num\u00e9ro(s) obligatoire(s) dans les informations sur la page suivante.<\/span><\/p>\n<p>Vous pouvez inscrire plusieurs personnes \u00e0 un tarif pr\u00e9f\u00e9rentiel gr\u00e2ce aux codes promo suivant:<br \/>\n&#8211; FAMILLE2P pour 2 personnes -13%<br \/>\n&#8211; FAMILLE3P pour 3 personnes -20%<br \/>\n&#8211; FAMILLE4P pour 4 personnes -30%<\/p>\n<p><span style=\"background: #ffff00;\"><strong>Tous nos groupes sont d\u00e9j\u00e0 complets ! Pour vous inscrire en liste d&rsquo;attente ou avoir des renseignements, contactez-nous par t\u00e9l\u00e9phone.<\/strong><\/span><\/p>\n<p>Renseignements :<br \/>\nFran\u00e7oise : 06 01 48 52 68<br \/>\n[\/vc_column_text][\/vc_column][vc_column column_padding=\u00a0\u00bbpadding-2-percent\u00a0\u00bb column_padding_tablet=\u00a0\u00bbinherit\u00a0\u00bb column_padding_phone=\u00a0\u00bbinherit\u00a0\u00bb column_padding_position=\u00a0\u00bball\u00a0\u00bb column_element_spacing=\u00a0\u00bbdefault\u00a0\u00bb centered_text=\u00a0\u00bbtrue\u00a0\u00bb background_color=\u00a0\u00bb#eaeaf1&Prime; background_color_opacity=\u00a0\u00bb1&Prime; background_hover_color_opacity=\u00a0\u00bb1&Prime; column_shadow=\u00a0\u00bbnone\u00a0\u00bb column_border_radius=\u00a0\u00bbnone\u00a0\u00bb column_link_target=\u00a0\u00bb_self\u00a0\u00bb column_position=\u00a0\u00bbdefault\u00a0\u00bb advanced_gradient_angle=\u00a0\u00bb0&Prime; gradient_direction=\u00a0\u00bbleft_to_right\u00a0\u00bb overlay_strength=\u00a0\u00bb0.3&Prime; width=\u00a0\u00bb1\/2&Prime; tablet_width_inherit=\u00a0\u00bbdefault\u00a0\u00bb tablet_text_alignment=\u00a0\u00bbdefault\u00a0\u00bb phone_text_alignment=\u00a0\u00bbdefault\u00a0\u00bb animation_type=\u00a0\u00bbdefault\u00a0\u00bb bg_image_animation=\u00a0\u00bbnone\u00a0\u00bb border_type=\u00a0\u00bbsimple\u00a0\u00bb column_border_width=\u00a0\u00bbnone\u00a0\u00bb column_border_style=\u00a0\u00bbsolid\u00a0\u00bb gradient_type=\u00a0\u00bbdefault\u00a0\u00bb][vc_column_text]\n<h4 style=\"text-align: center;\">Pi\u00e8ce obligatoire \u00e0 fournir (au choix)<\/h4>\n<p style=\"text-align: center;\">T\u00e9l\u00e9chargez le formulaire appropri\u00e9, compl\u00e9tez-le et joignez-le lors de votre inscription en ligne ou envoyez-le \u00e0 info@ttantibes.com.<\/p>\n<p style=\"text-align: center;\"><strong>Adulte 1\u00e8re inscription<br \/>\n<\/strong>(\u00e0 remplir par votre m\u00e9decin tous les 3 ans minimum)<\/p>\n<p style=\"text-align: center;\"><a class=\"nectar-button n-sc-button medium see-through-2\" target=\"_blank\" href=\"https:\/\/ttantibes.com\/v4\/wp-content\/uploads\/2023\/07\/CERTIFICAT-MEDICAL.pdf\" data-color-override=\"#047bd6\" data-hover-color-override=\"false\" data-hover-text-color-override=\"#fff\"><span>Attestation de non contre-indication<\/span><\/a>\n<p style=\"text-align: center;\"><strong>Adulte renouvellement<\/strong><br \/>\n(\u00e0 remplir soi-m\u00eame chaque ann\u00e9e)<br \/>\n<a class=\"nectar-button n-sc-button medium see-through-2\" target=\"_blank\" href=\"https:\/\/ttantibes.com\/v4\/wp-content\/uploads\/2025\/08\/25-10-1-autoquestionnaire-medical-majeur.pdf\" data-color-override=\"#047bd6\" data-hover-color-override=\"false\" data-hover-text-color-override=\"#fff\"><span>Auto-questionnaire de sant\u00e9 (majeur)<\/span><\/a>\n<p style=\"text-align: center;\"><strong>Mineur<br \/>\n<\/strong>(\u00e0 remplir soi-m\u00eame chaque ann\u00e9e)<br \/>\n<a class=\"nectar-button n-sc-button medium see-through-2\" target=\"_blank\" href=\"https:\/\/ttantibes.com\/v4\/wp-content\/uploads\/2025\/08\/25-10-2-autoquestionnaire-medical-mineur.pdf\" data-color-override=\"#047bd6\" data-hover-color-override=\"false\" data-hover-text-color-override=\"#fff\"><span>Auto-questionnaire de sant\u00e9 (mineur)<\/span><\/a>\n[\/vc_column_text][\/vc_column][\/vc_row]\n[vc_row type=\u00a0\u00bbin_container\u00a0\u00bb full_screen_row_position=\u00a0\u00bbmiddle\u00a0\u00bb column_margin=\u00a0\u00bbdefault\u00a0\u00bb column_direction=\u00a0\u00bbdefault\u00a0\u00bb column_direction_tablet=\u00a0\u00bbdefault\u00a0\u00bb column_direction_phone=\u00a0\u00bbdefault\u00a0\u00bb scene_position=\u00a0\u00bbcenter\u00a0\u00bb text_color=\u00a0\u00bbdark\u00a0\u00bb text_align=\u00a0\u00bbleft\u00a0\u00bb row_border_radius=\u00a0\u00bbnone\u00a0\u00bb row_border_radius_applies=\u00a0\u00bbbg\u00a0\u00bb overflow=\u00a0\u00bbvisible\u00a0\u00bb overlay_strength=\u00a0\u00bb0.3&Prime; gradient_direction=\u00a0\u00bbleft_to_right\u00a0\u00bb shape_divider_position=\u00a0\u00bbbottom\u00a0\u00bb bg_image_animation=\u00a0\u00bbnone\u00a0\u00bb][vc_column column_padding=\u00a0\u00bbno-extra-padding\u00a0\u00bb column_padding_tablet=\u00a0\u00bbinherit\u00a0\u00bb column_padding_phone=\u00a0\u00bbinherit\u00a0\u00bb column_padding_position=\u00a0\u00bball\u00a0\u00bb column_element_spacing=\u00a0\u00bbdefault\u00a0\u00bb background_color_opacity=\u00a0\u00bb1&Prime; background_hover_color_opacity=\u00a0\u00bb1&Prime; column_shadow=\u00a0\u00bbnone\u00a0\u00bb column_border_radius=\u00a0\u00bbnone\u00a0\u00bb column_link_target=\u00a0\u00bb_self\u00a0\u00bb column_position=\u00a0\u00bbdefault\u00a0\u00bb gradient_direction=\u00a0\u00bbleft_to_right\u00a0\u00bb overlay_strength=\u00a0\u00bb0.3&Prime; width=\u00a0\u00bb1\/1&Prime; tablet_width_inherit=\u00a0\u00bbdefault\u00a0\u00bb tablet_text_alignment=\u00a0\u00bbdefault\u00a0\u00bb phone_text_alignment=\u00a0\u00bbdefault\u00a0\u00bb animation_type=\u00a0\u00bbdefault\u00a0\u00bb bg_image_animation=\u00a0\u00bbnone\u00a0\u00bb border_type=\u00a0\u00bbsimple\u00a0\u00bb column_border_width=\u00a0\u00bbnone\u00a0\u00bb column_border_style=\u00a0\u00bbsolid\u00a0\u00bb]<iframe id=\"haWidget\" style=\"width: 100%; height: 1200px; border: none;\" src=\"https:\/\/www.helloasso.com\/associations\/oajlp-tennis-de-table\/adhesions\/oajlp-tennis-de-table-adhesion-2025-2026\/widget\" scrolling=\"auto\"><\/iframe>[\/vc_column][\/vc_row]\n","protected":false},"excerpt":{"rendered":"<p>[vc_row type=\u00a0\u00bbin_container\u00a0\u00bb full_screen_row_position=\u00a0\u00bbmiddle\u00a0\u00bb column_margin=\u00a0\u00bbdefault\u00a0\u00bb column_direction=\u00a0\u00bbdefault\u00a0\u00bb column_direction_tablet=\u00a0\u00bbdefault\u00a0\u00bb column_direction_phone=\u00a0\u00bbdefault\u00a0\u00bb scene_position=\u00a0\u00bbcenter\u00a0\u00bb text_color=\u00a0\u00bbdark\u00a0\u00bb text_align=\u00a0\u00bbleft\u00a0\u00bb row_border_radius=\u00a0\u00bbnone\u00a0\u00bb row_border_radius_applies=\u00a0\u00bbbg\u00a0\u00bb overflow=\u00a0\u00bbvisible\u00a0\u00bb overlay_strength=\u00a0\u00bb0.3&Prime; gradient_direction=\u00a0\u00bbleft_to_right\u00a0\u00bb shape_divider_position=\u00a0\u00bbbottom\u00a0\u00bb bg_image_animation=\u00a0\u00bbnone\u00a0\u00bb][vc_column column_padding=\u00a0\u00bbno-extra-padding\u00a0\u00bb column_padding_tablet=\u00a0\u00bbinherit\u00a0\u00bb column_padding_phone=\u00a0\u00bbinherit\u00a0\u00bb column_padding_position=\u00a0\u00bball\u00a0\u00bb column_element_spacing=\u00a0\u00bbdefault\u00a0\u00bb background_color_opacity=\u00a0\u00bb1&Prime; background_hover_color_opacity=\u00a0\u00bb1&Prime; column_shadow=\u00a0\u00bbnone\u00a0\u00bb column_border_radius=\u00a0\u00bbnone\u00a0\u00bb column_link_target=\u00a0\u00bb_self\u00a0\u00bb column_position=\u00a0\u00bbdefault\u00a0\u00bb gradient_direction=\u00a0\u00bbleft_to_right\u00a0\u00bb overlay_strength=\u00a0\u00bb0.3&Prime;&#8230;<\/p>\n","protected":false},"author":1,"featured_media":0,"parent":55,"menu_order":0,"comment_status":"closed","ping_status":"open","template":"","meta":{"footnotes":""},"class_list":["post-113","page","type-page","status-publish"],"jetpack_sharing_enabled":true,"_links":{"self":[{"href":"http:\/\/ttantibes.com\/v4\/wp-json\/wp\/v2\/pages\/113","targetHints":{"allow":["GET"]}}],"collection":[{"href":"http:\/\/ttantibes.com\/v4\/wp-json\/wp\/v2\/pages"}],"about":[{"href":"http:\/\/ttantibes.com\/v4\/wp-json\/wp\/v2\/types\/page"}],"author":[{"embeddable":true,"href":"http:\/\/ttantibes.com\/v4\/wp-json\/wp\/v2\/users\/1"}],"replies":[{"embeddable":true,"href":"http:\/\/ttantibes.com\/v4\/wp-json\/wp\/v2\/comments?post=113"}],"version-history":[{"count":115,"href":"http:\/\/ttantibes.com\/v4\/wp-json\/wp\/v2\/pages\/113\/revisions"}],"predecessor-version":[{"id":6952,"href":"http:\/\/ttantibes.com\/v4\/wp-json\/wp\/v2\/pages\/113\/revisions\/6952"}],"up":[{"embeddable":true,"href":"http:\/\/ttantibes.com\/v4\/wp-json\/wp\/v2\/pages\/55"}],"wp:attachment":[{"href":"http:\/\/ttantibes.com\/v4\/wp-json\/wp\/v2\/media?parent=113"}],"curies":[{"name":"wp","href":"https:\/\/api.w.org\/{rel}","templated":true}]}}