{"id":1037,"date":"2015-06-01T22:10:35","date_gmt":"2015-06-01T20:10:35","guid":{"rendered":"http:\/\/ttantibes.com\/v4\/?page_id=1037"},"modified":"2015-08-30T18:26:29","modified_gmt":"2015-08-30T16:26:29","slug":"congres-federal-2015-photos","status":"publish","type":"page","link":"http:\/\/ttantibes.com\/v4\/photos-videos\/albums\/congres-federal-2015-photos\/","title":{"rendered":"Congr\u00e8s F\u00e9d\u00e9ral 2015 (photos)"},"content":{"rendered":"[vc_row][vc_column width=\u00a0\u00bb1\/1&Prime;][vc_video link=\u00a0\u00bbhttps:\/\/www.youtube.com\/watch?v=zGmXtBRgu1E\u00a0\u00bb][\/vc_column][\/vc_row][vc_row][vc_column width=\u00a0\u00bb1\/1&Prime;][vc_column_text]\n<p style=\"text-align: center;\"><a class=\"nectar-button n-sc-button large accent-color has-icon regular-button\" target=\"_blank\" href=\"https:\/\/dl.dropboxusercontent.com\/u\/6527804\/Congres_2015.zip\" data-color-override=\"false\" data-hover-color-override=\"false\" data-hover-text-color-override=\"#fff\"><span>T\u00e9l\u00e9charger toutes les photos (417 MB)<\/span><i class=\"icon-cloud-download\"><\/i><\/a>\n[\/vc_column_text][\/vc_column][\/vc_row][vc_row][vc_column width=\u00a0\u00bb1\/1&Prime;][divider line_type=\u00a0\u00bbNo Line\u00a0\u00bb custom_height=\u00a0\u00bb20&Prime;][\/vc_column][\/vc_row][vc_row][vc_column width=\u00a0\u00bb1\/1&Prime;][vc_text_separator title=\u00a0\u00bbVendredi 22 Mai 2015&Prime; title_align=\u00a0\u00bbseparator_align_center\u00a0\u00bb][\/vc_column][\/vc_row][vc_row][vc_column width=\u00a0\u00bb1\/3&Prime;][\/vc_column][vc_column width=\u00a0\u00bb1\/3&Prime;][image_with_animation image_url=\u00a0\u00bb2306&Prime; alignment=\u00a0\u00bbcenter\u00a0\u00bb animation=\u00a0\u00bbFade In\u00a0\u00bb img_link_target=\u00a0\u00bb_self\u00a0\u00bb img_link=\u00a0\u00bbhttp:\/\/ttantibes.com\/v4\/congres-federal-2015-photos\/vendredi-22-mai-espaces\u00a0\u00bb][vc_column_text]\n<p style=\"text-align: center;\">Apr\u00e8s-Midi :\u00a0Les Espaces Antipolis<\/p>\n[\/vc_column_text][\/vc_column][vc_column width=\u00a0\u00bb1\/3&Prime;][\/vc_column][\/vc_row][vc_row][vc_column width=\u00a0\u00bb1\/1&Prime;][divider line_type=\u00a0\u00bbNo Line\u00a0\u00bb custom_height=\u00a0\u00bb20&Prime;][\/vc_column][\/vc_row][vc_row][vc_column width=\u00a0\u00bb1\/1&Prime;][vc_text_separator title=\u00a0\u00bbSamedi 23 Mai 2015&Prime; title_align=\u00a0\u00bbseparator_align_center\u00a0\u00bb][\/vc_column][\/vc_row][vc_row][vc_column width=\u00a0\u00bb1\/3&Prime;][image_with_animation image_url=\u00a0\u00bb1554&Prime; alignment=\u00a0\u00bbcenter\u00a0\u00bb animation=\u00a0\u00bbFade In\u00a0\u00bb img_link_target=\u00a0\u00bb_self\u00a0\u00bb img_link=\u00a0\u00bbhttp:\/\/ttantibes.com\/v4\/congres-federal-2015-photos\/samedi-matin-midi\u00a0\u00bb][vc_column_text]\n<p style=\"text-align: center;\">Matin + Midi : Espaces Antipolis<\/p>\n[\/vc_column_text][\/vc_column][vc_column width=\u00a0\u00bb1\/3&Prime;][image_with_animation image_url=\u00a0\u00bb1312&Prime; alignment=\u00a0\u00bbcenter\u00a0\u00bb animation=\u00a0\u00bbFade In\u00a0\u00bb img_link_target=\u00a0\u00bb_self\u00a0\u00bb img_link=\u00a0\u00bbhttp:\/\/ttantibes.com\/v4\/congres-federal-2015-photos\/samedi-apres-midi-grasse-biot\u00a0\u00bb][vc_column_text]\n<p style=\"text-align: center;\">Apr\u00e8s-Midi : Grasse + Biot<\/p>\n[\/vc_column_text][\/vc_column][vc_column width=\u00a0\u00bb1\/3&Prime;][image_with_animation image_url=\u00a0\u00bb1374&Prime; alignment=\u00a0\u00bbcenter\u00a0\u00bb animation=\u00a0\u00bbFade In\u00a0\u00bb img_link_target=\u00a0\u00bb_self\u00a0\u00bb img_link=\u00a0\u00bbhttp:\/\/ttantibes.com\/v4\/congres-federal-2015-photos\/samedi-soir-villa-eilenroc\u00a0\u00bb][vc_column_text]\n<p style=\"text-align: center;\">Soir\u00a0: Villa Eilenroc<\/p>\n[\/vc_column_text][\/vc_column][\/vc_row][vc_row][vc_column width=\u00a0\u00bb1\/1&Prime;][divider line_type=\u00a0\u00bbNo Line\u00a0\u00bb custom_height=\u00a0\u00bb30&Prime;][\/vc_column][\/vc_row][vc_row][vc_column width=\u00a0\u00bb1\/1&Prime;][vc_text_separator title=\u00a0\u00bbDimanche 24 Mai 2015&Prime; title_align=\u00a0\u00bbseparator_align_center\u00a0\u00bb][\/vc_column][\/vc_row][vc_row][vc_column width=\u00a0\u00bb1\/3&Prime;][image_with_animation image_url=\u00a0\u00bb1629&Prime; alignment=\u00a0\u00bbcenter\u00a0\u00bb animation=\u00a0\u00bbFade In\u00a0\u00bb img_link_target=\u00a0\u00bb_self\u00a0\u00bb img_link=\u00a0\u00bbhttp:\/\/ttantibes.com\/v4\/congres-federal-2015-photos\/dimanche-24-mai-matin-antibes\u00a0\u00bb][vc_column_text]\n<p style=\"text-align: center;\">Matin : Antibes<\/p>\n[\/vc_column_text][\/vc_column][vc_column width=\u00a0\u00bb1\/3&Prime;][image_with_animation image_url=\u00a0\u00bb1700&Prime; alignment=\u00a0\u00bbcenter\u00a0\u00bb animation=\u00a0\u00bbFade In\u00a0\u00bb img_link_target=\u00a0\u00bb_self\u00a0\u00bb img_link=\u00a0\u00bbhttp:\/\/ttantibes.com\/v4\/congres-federal-2015-photos\/dimanche-24-mai-midi-apres-midi-dejeuner-gourdon\u00a0\u00bb][vc_column_text]\n<p style=\"text-align: center;\">Midi + Apr\u00e8s-Midi : D\u00e9jeuner + Gourdon<\/p>\n[\/vc_column_text][\/vc_column][vc_column width=\u00a0\u00bb1\/3&Prime;][image_with_animation image_url=\u00a0\u00bb1835&Prime; alignment=\u00a0\u00bbcenter\u00a0\u00bb animation=\u00a0\u00bbFade In\u00a0\u00bb img_link_target=\u00a0\u00bb_self\u00a0\u00bb img_link=\u00a0\u00bbhttp:\/\/ttantibes.com\/v4\/congres-federal-2015-photos\/dimanche-24-mai-soir-gala-marineland\u00a0\u00bb][vc_column_text]\n<p style=\"text-align: center;\">Soir\u00a0:\u00a0Gala Marineland<\/p>\n[\/vc_column_text][\/vc_column][\/vc_row][vc_row][vc_column width=\u00a0\u00bb1\/1&Prime;][divider line_type=\u00a0\u00bbNo Line\u00a0\u00bb custom_height=\u00a0\u00bb30&Prime;][\/vc_column][\/vc_row][vc_row][vc_column width=\u00a0\u00bb1\/1&Prime;][vc_text_separator title=\u00a0\u00bbLundi 25 Mai 2015&Prime; title_align=\u00a0\u00bbseparator_align_center\u00a0\u00bb][\/vc_column][\/vc_row][vc_row][vc_column width=\u00a0\u00bb1\/3&Prime;][\/vc_column][vc_column width=\u00a0\u00bb1\/3&Prime;][image_with_animation image_url=\u00a0\u00bb2465&Prime; alignment=\u00a0\u00bbcenter\u00a0\u00bb animation=\u00a0\u00bbFade In\u00a0\u00bb img_link_target=\u00a0\u00bb_self\u00a0\u00bb img_link=\u00a0\u00bbhttp:\/\/ttantibes.com\/v4\/photos-videos\/albums\/congres-federal-2015-photos\/lundi-25-mai\u00a0\u00bb][vc_column_text]\n<p style=\"text-align: center;\">Matin : Cannes + Iles de Lerins<\/p>\n[\/vc_column_text][\/vc_column][vc_column width=\u00a0\u00bb1\/3&Prime;][\/vc_column][\/vc_row]\n","protected":false},"excerpt":{"rendered":"<p>[vc_row][vc_column width=\u00a0\u00bb1\/1&Prime;][vc_video link=\u00a0\u00bbhttps:\/\/www.youtube.com\/watch?v=zGmXtBRgu1E\u00a0\u00bb][\/vc_column][\/vc_row][vc_row][vc_column width=\u00a0\u00bb1\/1&Prime;][vc_column_text] [\/vc_column_text][\/vc_column][\/vc_row][vc_row][vc_column width=\u00a0\u00bb1\/1&Prime;][divider line_type=\u00a0\u00bbNo Line\u00a0\u00bb custom_height=\u00a0\u00bb20&Prime;][\/vc_column][\/vc_row][vc_row][vc_column width=\u00a0\u00bb1\/1&Prime;][vc_text_separator title=\u00a0\u00bbVendredi 22 Mai 2015&Prime; title_align=\u00a0\u00bbseparator_align_center\u00a0\u00bb][\/vc_column][\/vc_row][vc_row][vc_column width=\u00a0\u00bb1\/3&Prime;][\/vc_column][vc_column width=\u00a0\u00bb1\/3&Prime;][image_with_animation image_url=\u00a0\u00bb2306&Prime; alignment=\u00a0\u00bbcenter\u00a0\u00bb animation=\u00a0\u00bbFade In\u00a0\u00bb img_link_target=\u00a0\u00bb_self\u00a0\u00bb img_link=\u00a0\u00bbhttp:\/\/ttantibes.com\/v4\/congres-federal-2015-photos\/vendredi-22-mai-espaces\u00a0\u00bb][vc_column_text] Apr\u00e8s-Midi :\u00a0Les Espaces Antipolis [\/vc_column_text][\/vc_column][vc_column width=\u00a0\u00bb1\/3&Prime;][\/vc_column][\/vc_row][vc_row][vc_column width=\u00a0\u00bb1\/1&Prime;][divider&#8230;<\/p>\n","protected":false},"author":1,"featured_media":0,"parent":330,"menu_order":0,"comment_status":"closed","ping_status":"open","template":"","meta":{"footnotes":""},"class_list":["post-1037","page","type-page","status-publish"],"jetpack_sharing_enabled":true,"_links":{"self":[{"href":"http:\/\/ttantibes.com\/v4\/wp-json\/wp\/v2\/pages\/1037","targetHints":{"allow":["GET"]}}],"collection":[{"href":"http:\/\/ttantibes.com\/v4\/wp-json\/wp\/v2\/pages"}],"about":[{"href":"http:\/\/ttantibes.com\/v4\/wp-json\/wp\/v2\/types\/page"}],"author":[{"embeddable":true,"href":"http:\/\/ttantibes.com\/v4\/wp-json\/wp\/v2\/users\/1"}],"replies":[{"embeddable":true,"href":"http:\/\/ttantibes.com\/v4\/wp-json\/wp\/v2\/comments?post=1037"}],"version-history":[{"count":65,"href":"http:\/\/ttantibes.com\/v4\/wp-json\/wp\/v2\/pages\/1037\/revisions"}],"predecessor-version":[{"id":2823,"href":"http:\/\/ttantibes.com\/v4\/wp-json\/wp\/v2\/pages\/1037\/revisions\/2823"}],"up":[{"embeddable":true,"href":"http:\/\/ttantibes.com\/v4\/wp-json\/wp\/v2\/pages\/330"}],"wp:attachment":[{"href":"http:\/\/ttantibes.com\/v4\/wp-json\/wp\/v2\/media?parent=1037"}],"curies":[{"name":"wp","href":"https:\/\/api.w.org\/{rel}","templated":true}]}}